{"id":1860,"date":"2023-10-18T10:47:04","date_gmt":"2023-10-18T10:47:04","guid":{"rendered":"https:\/\/bosphorus-dinner-cruise.com\/istanbul-pass-combo-tickets\/"},"modified":"2025-06-03T14:20:40","modified_gmt":"2025-06-03T14:20:40","slug":"istanbul-pass-kombitickets","status":"publish","type":"page","link":"https:\/\/bosphorus-dinner-cruise.com\/de\/istanbul-pass-kombitickets\/","title":{"rendered":"Istanbul Pass &amp; Kombitickets"},"content":{"rendered":"<h1>Istanbul Pass &amp; Kombitickets<\/h1>\n<h2 data-alt-text=\"Istanbul City Pass\" id=\"t-1698134906885\" style=\"\"><strong><span><strong>Istanbul Pass<\/strong><\/span><\/strong><\/h2>\n<p dir=\"ltr\" style=\"\"><strong>Entdecken Sie die Wunder Istanbuls mit einem exklusiven City Pass!<\/strong>Mit einem Istanbul Pass k\u00f6nnen Sie das Beste der Stadt entdecken und dabei Zeit und Geld sparen. Diese P\u00e4sse sind Ihr Tor zu unvergleichlichen Erlebnissen und gew\u00e4hren Ihnen nicht nur <strong>Zugang zu den ber\u00fchmten Attraktionen<\/strong> der Stadt, einige von ihnen beinhalten auch eine malerische Bootsfahrt auf dem Bosporus. Wir haben <strong>nachfolgend die besten Istanbul City P\u00e4sse aufgelistet, die eine Bosporus-Fahrt umfassen<\/strong>. So k\u00f6nnen Sie tags\u00fcber historische Sehensw\u00fcrdigkeiten erkunden und sich abends inmitten des Bosporus einen luxuri\u00f6sen Abend g\u00f6nnen. Tauchen Sie ein in die reiche Vielfalt von Istanbuls Kultur, K\u00fcche und fesselnden Aussichten.<strong><\/strong>Besuchen Sie Istanbul nicht einfach nur, sondern erleben Sie die Stadt in vollen Z\u00fcgen mit dem Komfort und den Ersparnissen eines Istanbul Passes.<strong><\/strong>Klicken Sie einfach auf die <strong>nachstehenden Links<\/strong>, um Details \u00fcber die am besten bewerteten Istanbul City Pass Optionen zu erhalten, die eine Bosporus Kreuzfahrt beinhalten. Sichern Sie sich jetzt Ihren Pass und lassen Sie den Zauber Istanbuls auf sich wirken!<\/p>\n<h3 data-alt-text=\"Istanbul Pass Ticket\" id=\"t-1698225750369\" style=\"text-align: center;\" data-hide=\"true\"><strong>Istanbul Pass: \u00dcbersicht der besten Tickets<\/strong><\/h3>\n<p><span style=\"\"><a href=\"https:\/\/gyg.me\/rgYBdsbd\" target=\"_blank\" rel=\"nofollow noopener\"><img decoding=\"async\" alt=\"istanbul city pass gyg\" data-id=\"1586\" width=\"323\" data-init-width=\"960\" height=\"215\" data-init-height=\"640\" title=\"istanbul city pass gyg\" src=\"https:\/\/bosphorus-dinner-cruise.com\/wp-content\/uploads\/2024\/04\/istanbul-ciry-pass-gyg.jpeg.webp\" data-width=\"323\" data-height=\"215\" style=\"aspect-ratio: auto 960 \/ 640;\" ml-m=\"0\" mt-m=\"0\" mt-d=\"0\" ml-d=\"0\" mt-t=\"0\" data-link-wrap=\"true\" loading=\"lazy\"><\/a><span style=\"\"><\/span><\/span><\/p>\n<h3 id=\"t-1698068944086\" style=\"\" data-hide=\"true\"><strong>Istanbul: Touristenpass mit \u00fcber 100 Attraktionen und Dienstleistungen<\/strong><\/h3>\n<p><span style=\"--tcb-applied-color: rgb(255, 217, 56) !important; color: rgb(255, 217, 56) !important;\">4.0<\/span><span style=\"font-weight: normal;\"><span style=\"--tcb-applied-color: rgb(255, 217, 56) !important; color: rgb(255, 217, 56) !important;\"> <\/span><\/span><span style=\"--tcb-applied-color: rgba(59, 59, 59, 0.5) !important; color: rgba(59, 59, 59, 0.5) !important;\">(274)<\/span><\/p>\n<p>&#8222;Wir haben das F\u00fcnf-Tage-Paket gekauft, was uns eine Menge Geld gespart hat, wenn man bedenkt, wie viel die Attraktionen kosten w\u00fcrden, wenn man sie einzeln kaufen w\u00fcrde. Geschulte und leidenschaftliche Reiseleiter. Ausgezeichnete Unterst\u00fctzung auf WhatsApp, immer bereit, alle Unannehmlichkeiten und Zweifel zu l\u00f6sen. Auf jeden Fall zu empfehlen.\u201c <strong>Marco, Feb. 2024, Italien [Quelle: GetYourGuide]<\/strong><\/p>\n<p><strong>Bestes Angebot<\/strong>139 \u20ac&nbsp;<\/p>\n<p style=\"text-align: center;\">auf GetYourGuide.com<\/p>\n<p><span style=\"\"><a href=\"https:\/\/www.headout.com\/r\/most-amazing-placesrecommends-evE97\/\" target=\"_blank\" rel=\"nofollow noopener\"><img decoding=\"async\" alt=\"Istanbul City Pass\" data-id=\"1309\" width=\"1100\" data-init-width=\"1000\" height=\"439\" data-init-height=\"399\" title=\"Golden,Horn,In,Istanbul,And,View,Of,Suleymaniye,Mosque\" src=\"https:\/\/bosphorus-dinner-cruise.com\/wp-content\/uploads\/2023\/12\/Guzel-Foto-Istanbul-manzarasi.jpg.webp\" data-width=\"1100\" data-height=\"439\" style=\"aspect-ratio: auto 1000 \/ 399;\" mt-d=\"-4.3910000000000196\" ml-d=\"0\" mt-m=\"0\" ml-m=\"0\" loading=\"lazy\" center-v-d=\"false\" data-link-wrap=\"true\"><\/a><\/span><\/p>\n<h2 id=\"t-1695630421650\" style=\"\" data-alt-text=\"Kombitickets\"><strong>Kombitickets inklusive Bosporus Dinner Kreuzfahrt <\/strong><\/h2>\n<p dir=\"ltr\">Besonders beliebt bei Reisenden, die mehr von Istanbul erleben m\u00f6chten, ist ein Kombiticket, das nicht nur <strong>eine Bosporus-Kreuzfahrt<\/strong>, sondern <strong>auch andere Top-Sehensw\u00fcrdigkeiten beinhaltet<\/strong>.<strong><\/strong>Anbei finden Sie unsere <strong>exklusive Auswahl an Kombitickets f\u00fcr Istanbul<\/strong>, die Ihnen das Beste aus beiden Welten bieten. Erleben Sie tags\u00fcber bei einer <strong>Bosporus-Fahrt<\/strong> die bezaubernden Sehensw\u00fcrdigkeiten Istanbuls vom Wasser aus. Sobald die Sonne untergeht, k\u00f6nnen Sie bei der \u00e4u\u00dferst beliebten Bosporus Dinner Kreuzfahrt eine t\u00fcrkische Nacht erleben. <strong><\/strong>Diese einzigartige Kombination garantiert, dass Sie die Sch\u00f6nheit der Stadt sowohl unter den goldenen Strahlen der Sonne als auch unter den glitzernden Lichtern der Stadt erleben werden. G\u00f6nnen Sie sich mit unseren <strong>handverlesenen Kombitickets<\/strong> ein unvergessliches Erlebnis voller kulinarischer Gen\u00fcsse, kultureller Darbietungen und spektakul\u00e4rer Ausblicke!<strong>Buchen Sie jetzt Ihr Kombiticket f\u00fcr einen unvergesslichen Tag und eine unvergessliche Nacht.<\/strong><\/p>\n<h3 data-alt-text=\"Combo Tickets\" data-hide=\"true\" id=\"t-1698225750368\" style=\"text-align: center;\"><strong>Kombitickets f\u00fcr Istanbul<\/strong><\/h3>\n<p><span style=\"\"><a href=\"https:\/\/www.headout.com\/r\/most-amazing-placesrecommends-Kg52O\/\" target=\"_blank\" rel=\"nofollow noopener\"><img decoding=\"async\" alt=\"3-Tages-Pass f\u00fcr Istanbuls Top-Museen: Gef\u00fchrte Tour mit Eintrittstickets\" data-id=\"1922\" width=\"293\" data-init-width=\"786\" height=\"169\" data-init-height=\"453\" title=\"3-Tages-Pass f\u00fcr Istanbuls Top-Museen: Gef\u00fchrte Tour mit Eintrittstickets\" src=\"https:\/\/bosphorus-dinner-cruise.com\/wp-content\/uploads\/2024\/05\/Ekran-Resmi-2024-05-14-10.31.13.png.webp\" data-width=\"293\" data-height=\"169\" style=\"aspect-ratio: auto 786 \/ 453;\" ml-m=\"0\" mt-m=\"0\" mt-d=\"0\" ml-d=\"0\" mt-t=\"0\" data-link-wrap=\"true\" loading=\"lazy\"><\/a><span style=\"\"><\/span><\/span><\/p>\n<h3 id=\"t-1698138378818\" data-hide=\"true\"><strong>3-Tages-Pass f\u00fcr Istanbuls Top-Museen: Gef\u00fchrte Tour mit Eintrittstickets<\/strong><\/h3>\n<p><span style=\"--tcb-applied-color: rgb(255, 217, 56) !important; color: rgb(255, 217, 56) !important;\">4.1<\/span><span style=\"font-weight: normal;\"><span style=\"--tcb-applied-color: rgb(255, 217, 56) !important; color: rgb(255, 217, 56) !important;\"> <\/span><\/span><span style=\"--tcb-applied-color: rgba(59, 59, 59, 0.5) !important; color: rgba(59, 59, 59, 0.5) !important;\">(63)<\/span><\/p>\n<p>&#8222;Die F\u00fchrungen waren ausgezeichnet, die F\u00fchrer waren gro\u00dfartig, mit viel Energie, professionell, geduldig und h\u00f6flich.&#8220;&nbsp;<strong>Morutan, Nov. 2023, Rum\u00e4nien&nbsp;<strong><em>[Quelle: Headout]<\/em><\/strong><\/strong><\/p>\n<p><strong>Bestes Angebot<\/strong>149 \u20ac<\/p>\n<p style=\"text-align: center;\">auf Headout.com<\/p>\n<p><span style=\"\"><a href=\"https:\/\/www.headout.com\/r\/most-amazing-placesrecommends-Khymu\/\" target=\"_blank\" rel=\"nofollow noopener\"><img decoding=\"async\" alt=\"Combo: Dolmabahce Palace Guided Tour + Bosphorus Cruise Tickets\" data-id=\"1573\" width=\"293\" data-init-width=\"737\" height=\"192\" data-init-height=\"484\" title=\"Combo: Dolmabahce Palace Guided Tour + Bosphorus Cruise Tickets\" src=\"https:\/\/bosphorus-dinner-cruise.com\/wp-content\/uploads\/2024\/04\/Ekran-Resmi-2024-04-03-10.26.57.png.webp\" data-width=\"293\" data-height=\"192\" style=\"aspect-ratio: auto 737 \/ 484;\" ml-m=\"0\" mt-m=\"0\" mt-d=\"0\" ml-d=\"0\" mt-t=\"0\" data-link-wrap=\"true\" loading=\"lazy\"><\/a><span style=\"\"><\/span><\/span><\/p>\n<h3 id=\"t-1698138378820\" data-hide=\"true\"><strong>Kombiticket: Dolmabah\u00e7e-Palast + Tickets f\u00fcr die Bosporus-Kreuzfahrt<\/strong><\/h3>\n<p><span style=\"--tcb-applied-color: rgb(255, 217, 56) !important; color: rgb(255, 217, 56) !important;\">4.2<\/span><span style=\"font-weight: normal;\"><span style=\"--tcb-applied-color: rgb(255, 217, 56) !important; color: rgb(255, 217, 56) !important;\"> <\/span><\/span><span style=\"--tcb-applied-color: rgba(59, 59, 59, 0.5) !important; color: rgba(59, 59, 59, 0.5) !important;\">(52)<\/span><\/p>\n<p style=\"\">&#8222;Die P\u00fcnktlichkeit und Freundlichkeit des F\u00fchrers, der bereit war, alle unsere Fragen zu beantworten. Es war sehr einfach, die Treffpunkte zu finden und die Erkl\u00e4rungen waren vollst\u00e4ndig und korrekt.&#8220;&nbsp;<strong>Maria, Sep. 2023, Spanien<\/strong>&nbsp;<strong><em>[Quelle: Headout]<\/em><\/strong><\/p>\n<p><strong>Bestes Angebot<\/strong>57 \u20ac&nbsp;<\/p>\n<p style=\"text-align: center;\">auf Headout.com<\/p>\n<h2 id=\"t-1701857384336\" style=\"text-align: center;\" data-alt-text=\"Verf\u00fcgbare Arten von Kreuzfahrten in Istanbul\"><strong>Verf\u00fcgbare Arten von Kreuzfahrten in Istanbul<\/strong><\/h2>\n<h3 id=\"t-1701857384337\" data-hide=\"true\"><a href=\"https:\/\/www.headout.com\/r\/most-amazing-placesrecommends-KUSE9\/\" style=\"outline: none;\" target=\"_blank\" rel=\"nofollow noopener\">1. Bosporus Dinner Kreuzfahrt<\/a><\/h3>\n<p dir=\"ltr\" style=\"\">Genie\u00dfen Sie einen Abend voller kulinarischer K\u00f6stlichkeiten und atemberaubender Ausblicke an Bord einer Bosporus Dinner Kreuzfahrt, bei der Gourmetk\u00fcche auf die bezaubernde Magie des Bosporus trifft.<\/p>\n<h3 style=\"\" id=\"t-1701857384338\" data-hide=\"true\"><a href=\"https:\/\/www.headout.com\/r\/most-amazing-placesrecommends-KpcKx\/\" target=\"_blank\" style=\"outline: none;\" rel=\"nofollow noopener\">2. Bosporus Kreuzfahrt bei Tag<\/a><\/h3>\n<p dir=\"ltr\">Erkunden Sie die Sch\u00f6nheit Istanbuls bei einer Bosporus-Fahrt bei Tag. Diese gem\u00fctliche Sightseeing-Kreuzfahrt entf\u00fchrt Sie zu den Wahrzeichen und historischen Sch\u00e4tzen der Stadt am Ufer des Bosporus.<\/p>\n<h3 style=\"\" id=\"t-1701857384339\" data-hide=\"true\"><a href=\"https:\/\/www.headout.com\/r\/most-amazing-placesrecommends-Kke8Z\/\" target=\"_blank\" style=\"outline: none;\" rel=\"nofollow noopener\">3. Bosporus-Kreuzfahrt bei Sonnenuntergang<\/a><\/h3>\n<p dir=\"ltr\" style=\"\">Witness the magic of Istanbul as the sun sets on the horizon during our Sunset Cruise, offering a romantic and picturesque experience against the backdrop of the city&#8217;s skyline.<\/p>\n<h3 style=\"\" id=\"t-1701857384340\" data-hide=\"true\"><a href=\"https:\/\/bosphorus-dinner-cruise.com\/de\/yacht-mieten-istanbul\/\" style=\"outline: none;\">4. Private Kreuzfahrt bei Tag<\/a><\/h3>\n<p dir=\"ltr\">Erleben Sie die Exklusivit\u00e4t einer privaten Kreuzfahrt, die ganz auf Ihre W\u00fcnsche zugeschnitten ist. So k\u00f6nnen Sie die Pracht Istanbuls in aller Ruhe und absoluten Komfort genie\u00dfen.<\/p>\n<h3 style=\"\" id=\"t-1701857384343\" data-hide=\"true\"><a href=\"https:\/\/bosphorus-dinner-cruise.com\/de\/yacht-mieten-istanbul\/\" style=\"outline: none;\">5. Private Kreuzfahrt bei Nacht<\/a><\/h3>\n<p dir=\"ltr\">G\u00f6nnen Sie sich an Bord einer privaten Kreuzfahrt bei Nacht einen Hauch von Luxus und Romantik. Die Lichter der Stadt erwachen zum Leben und schaffen eine magische Atmosph\u00e4re f\u00fcr ein intimes und unvergessliches Erlebnis.<\/p>\n<h3 style=\"\" id=\"t-1701857384344\" data-hide=\"true\"><a href=\"https:\/\/bosphorus-dinner-cruise.com\/de\/yacht-mieten-istanbul\/\" style=\"outline: none;\">6. Party\/Hochzeits-Kreuzfahrten<\/a><\/h3>\n<p dir=\"ltr\">Feiern Sie besondere Momente auf einer Party-\/Hochzeits-Kreuzfahrten, die die perfekte Mischung aus Festlichkeit und Eleganz bieten, w\u00e4hrend Sie die Nacht durchtanzen oder vor der atemberaubenden Kulisse Istanbuls Ihr Jawort geben.<\/p>\n<h3 style=\"\" id=\"t-1701857384345\" data-hide=\"true\"><a href=\"https:\/\/www.headout.com\/r\/most-amazing-placesrecommends-KkrdN\/\" rel=\"nofollow noopener\" target=\"_blank\" style=\"outline: none;\">7. Bootsfahrten zu den Prinzeninseln<\/a><\/h3>\n<p dir=\"ltr\">Entfliehen Sie dem Gro\u00dfstadttreiben Istanbuls und begeben Sie sich auf eine Bootsfahrt zu den Prinzeninseln. Erkunden Sie die friedvolle Sch\u00f6nheit der nahegelegenen Inseln, von denen jede ihren eigenen Charme hat und einen erholsamen R\u00fcckzugsort von der pulsierenden Metropole bietet.<\/p>\n<h2 id=\"t-1695040612468\" style=\"text-align: center;\" data-alt-text=\"H\u00e4ufig gestellte Fragen\"><strong>H\u00e4ufig gestellte Fragen: Istanbul Pass &amp; Kombitickets <\/strong><\/h2>\n<p><a href=\"https:\/\/bosphorus-dinner-cruise.com\/de\/haufige-fragen\/\" dynamic-postlink=\"tcb_post_the_permalink\" data-shortcode-id=\"125\"><\/a><\/p>\n<p style=\"padding-bottom: 0px !important; margin-bottom: 0px !important;\">learn more<\/p>\n<h2 style=\"\" id=\"t-1748959113262\"><span data-attr-css=\"\" data-attr-link=\"1\" data-attr-rel=\"0\" data-attr-static-link=\"{&quot;className&quot;:&quot;&quot;,&quot;href&quot;:&quot;https:\/\/bosphorus-dinner-cruise.com\/de\/haufige-fragen\/&quot;,&quot;title&quot;:&quot;H\u00e4ufige Fragen zur Bosporus Dinner Kreuzfahrt Istanbul&quot;,&quot;class&quot;:&quot;&quot;}\" data-attr-target=\"0\" data-extra_key=\"\" data-option-inline=\"1\" data-shortcode=\"tcb_post_title\" data-shortcode-name=\"Post title\" style=\"\"><a href=\"https:\/\/bosphorus-dinner-cruise.com\/de\/haufige-fragen\/\" title=\"H\u00e4ufige Fragen zur Bosporus Dinner Kreuzfahrt Istanbul\" data-css=\"\">H\u00e4ufige Fragen zur Bosporus Dinner Kreuzfahrt Istanbul<\/a><\/span><\/h2>\n<p><a href=\"https:\/\/bosphorus-dinner-cruise.com\/de\/beste-bosporus-dinner-kreuzfahrten\/\"><\/a><a href=\"https:\/\/bosphorus-dinner-cruise.com\/de\/beste-bosporus-dinner-kreuzfahrten\/\" dynamic-postlink=\"tcb_post_the_permalink\" data-shortcode-id=\"125\"><\/a><\/p>\n<p style=\"padding-bottom: 0px !important; margin-bottom: 0px !important;\">learn more<\/p>\n<h2 style=\"\" id=\"t-1748959113262\"><span data-attr-css=\"\" data-attr-link=\"1\" data-attr-rel=\"0\" data-attr-static-link=\"{&quot;className&quot;:&quot;&quot;,&quot;href&quot;:&quot;https:\/\/bosphorus-dinner-cruise.com\/de\/haufige-fragen\/&quot;,&quot;title&quot;:&quot;H\u00e4ufige Fragen zur Bosporus Dinner Kreuzfahrt Istanbul&quot;,&quot;class&quot;:&quot;&quot;}\" data-attr-target=\"0\" data-extra_key=\"\" data-option-inline=\"1\" data-shortcode=\"tcb_post_title\" data-shortcode-name=\"Post title\" style=\"\"><a href=\"https:\/\/bosphorus-dinner-cruise.com\/de\/beste-bosporus-dinner-kreuzfahrten\/\" title=\"Beste Bosporus Dinner Kreuzfahrten\" data-css=\"\">Beste Bosporus Dinner Kreuzfahrten<\/a><\/span><\/h2>\n<p><a href=\"https:\/\/bosphorus-dinner-cruise.com\/de\/beste-bosporus-dinner-kreuzfahrten\/\"><\/a><\/p>\n","protected":false},"excerpt":{"rendered":"<p>Istanbul Pass &amp; Kombitickets Istanbul Pass Entdecken Sie die Wunder Istanbuls mit einem exklusiven City Pass!Mit einem Istanbul Pass k\u00f6nnen Sie das Beste der Stadt entdecken und dabei Zeit und Geld sparen. Diese P\u00e4sse sind Ihr Tor zu unvergleichlichen Erlebnissen und gew\u00e4hren Ihnen nicht nur Zugang zu den ber\u00fchmten Attraktionen der Stadt, einige von ihnen [&hellip;]<\/p>\n","protected":false},"author":3,"featured_media":1805,"parent":0,"menu_order":0,"comment_status":"closed","ping_status":"closed","template":"","meta":{"footnotes":""},"class_list":["post-1860","page","type-page","status-publish","has-post-thumbnail","hentry","post-wrapper","thrv_wrapper"],"_links":{"self":[{"href":"https:\/\/bosphorus-dinner-cruise.com\/de\/wp-json\/wp\/v2\/pages\/1860","targetHints":{"allow":["GET"]}}],"collection":[{"href":"https:\/\/bosphorus-dinner-cruise.com\/de\/wp-json\/wp\/v2\/pages"}],"about":[{"href":"https:\/\/bosphorus-dinner-cruise.com\/de\/wp-json\/wp\/v2\/types\/page"}],"author":[{"embeddable":true,"href":"https:\/\/bosphorus-dinner-cruise.com\/de\/wp-json\/wp\/v2\/users\/3"}],"replies":[{"embeddable":true,"href":"https:\/\/bosphorus-dinner-cruise.com\/de\/wp-json\/wp\/v2\/comments?post=1860"}],"version-history":[{"count":31,"href":"https:\/\/bosphorus-dinner-cruise.com\/de\/wp-json\/wp\/v2\/pages\/1860\/revisions"}],"predecessor-version":[{"id":2125,"href":"https:\/\/bosphorus-dinner-cruise.com\/de\/wp-json\/wp\/v2\/pages\/1860\/revisions\/2125"}],"wp:featuredmedia":[{"embeddable":true,"href":"https:\/\/bosphorus-dinner-cruise.com\/de\/wp-json\/wp\/v2\/media\/1805"}],"wp:attachment":[{"href":"https:\/\/bosphorus-dinner-cruise.com\/de\/wp-json\/wp\/v2\/media?parent=1860"}],"curies":[{"name":"wp","href":"https:\/\/api.w.org\/{rel}","templated":true}]}}