{"id":1858,"date":"2023-10-18T10:47:35","date_gmt":"2023-10-18T10:47:35","guid":{"rendered":"https:\/\/bosphorus-dinner-cruise.com\/frequently-asked-questions\/"},"modified":"2024-05-15T13:08:48","modified_gmt":"2024-05-15T13:08:48","slug":"haufige-fragen","status":"publish","type":"page","link":"https:\/\/bosphorus-dinner-cruise.com\/de\/haufige-fragen\/","title":{"rendered":"H\u00e4ufige Fragen zur Bosporus Dinner Kreuzfahrt Istanbul"},"content":{"rendered":"<h1 style=\"\">H\u00e4ufige Fragen<\/h1>\n<h2 dir=\"ltr\" style=\"text-align: center;\"><strong>H\u00e4ufige Fragen zur Bosporus Dinner Kreuzfahrt in Istanbul<\/strong><\/h2>\n<p dir=\"ltr\"><strong>Auf dieser Seite finden Sie Antworten auf h\u00e4ufige Fragen zur Bosporus Dinner Kreuzfahrt.&nbsp;<\/strong><\/p>\n<p dir=\"ltr\">Von allgemeinen Fragen zur <strong>Dauer<\/strong>, den <strong>Mahlzeiten<\/strong> und der <strong>Kleidung<\/strong> bis hin zu Fragen zu den <strong>Tickets<\/strong>, haben wir hier alle n\u00fctzliche Informationen f\u00fcr das Erlebnis zusammengestellt, damit Sie sich vorbereiten k\u00f6nnen.&nbsp;<\/p>\n<p><strong>Wenn Sie weitere Fragen haben, z\u00f6gern Sie bitte nicht, uns zu kontaktieren<\/strong>. Wir sind hier, um Ihnen zu helfen und sicherzustellen, dass Ihr Bosporus Dinner Kreuzfahrt zu einem unvergesslichen Erlebnis wird!<\/p>\n<h3 style=\"text-align: center;\">Allgemeine Fragen zu Bosporus Dinner Kreuzfahrt<\/h3>\n<h3 style=\"text-align: center;\">H\u00e4ufige Fragen zur Dauer und den Tickets<\/h3>\n<h2 style=\"text-align: center;\"><strong>Stellen Sie Ihre Frage hier!<\/strong><\/h2>\n<h2 style=\"text-align: center;\"><strong>Alle Ticketoptionen f\u00fcr Bosporus Dinner Kreuzfahrt<\/strong><\/h2>\n<p>  <span style=\"\"><a href=\"https:\/\/www.headout.com\/r\/most-amazing-placesrecommends-KUSE9\/\" target=\"_blank\" rel=\"nofollow noopener\"><img decoding=\"async\" alt=\"Istanbul Bosphorus Dinner Cruise with Private Table &amp; Live Show\" data-id=\"1224\" width=\"300\" data-init-width=\"730\" height=\"185\" data-init-height=\"451\" title=\"Istanbul Bosphorus Dinner Cruise with Private Table &amp; Live Show\" src=\"https:\/\/bosphorus-dinner-cruise.com\/wp-content\/uploads\/2023\/12\/Istanbul-Bosphorus-Dinner-Cruise-with-Private-Table-Live-Show.png\" data-width=\"300\" data-height=\"185\" style=\"aspect-ratio: auto 730 \/ 451;\" ml-m=\"0\" mt-m=\"0\" mt-d=\"0\" ml-d=\"0\" mt-t=\"0\" data-link-wrap=\"true\" loading=\"lazy\"><\/a><span style=\"\"><\/span><\/span>   <\/p>\n<h3 id=\"t-1698068944086\" style=\"\" data-hide=\"true\"><strong><span data-sheets-root=\"1\" data-sheets-userformat=\"{&quot;2&quot;:513,&quot;3&quot;:{&quot;1&quot;:0},&quot;12&quot;:0}\" data-sheets-value=\"{&quot;1&quot;:2,&quot;2&quot;:&quot;Istanbul Bosphorus Dinner Cruise with Private Table &amp; Live Show&quot;}\">Bosporus Dinner Cruise mit t\u00fcrkischer Show<\/span><\/strong><\/h3>\n<p>  <span style=\"--tcb-applied-color: rgb(255, 217, 56) !important; color: rgb(255, 217, 56) !important;\">4.4<\/span><span style=\"font-weight: normal;\"><span style=\"--tcb-applied-color: rgb(255, 217, 56) !important; color: rgb(255, 217, 56) !important;\"> <\/span><\/span><span style=\"--tcb-applied-color: rgba(59, 59, 59, 0.5) !important; color: rgba(59, 59, 59, 0.5) !important;\">(488)<\/span> <\/p>\n<p data-test-id=\"activity-overview-content\" data-v-5726f79d=\"\" style=\"\">&#8222;Wunderbare Kreuzfahrt. So viele verschiedene Angebote, aber wir haben uns f\u00fcr Headout entschieden, und wir haben nichts verpasst. Sch\u00f6nes Schiff, h\u00f6fliches Personal, leckeres Essen, tolles Programm!&#8220;&nbsp;<strong>Arcadie, Dez. 2023, Russland <em>[Quelle: Headout]<\/em><\/strong><\/p>\n<p>   Bestes Angebot28 \u20ac<\/p>\n<p style=\"text-align: center;\">auf Headout.com<\/p>\n<p>__CONFIG_colors_palette__{&#8222;active_palette&#8220;:0,&#8220;config&#8220;:{&#8222;colors&#8220;:{&#8222;b04af&#8220;:{&#8222;name&#8220;:&#8220;Main Accent&#8220;,&#8220;parent&#8220;:-1}},&#8220;gradients&#8220;:[]},&#8220;palettes&#8220;:[{&#8222;name&#8220;:&#8220;Default Palette&#8220;,&#8220;value&#8220;:{&#8222;colors&#8220;:{&#8222;b04af&#8220;:{&#8222;val&#8220;:&#8220;rgb(109, 128, 221)&#8220;}},&#8220;gradients&#8220;:[]},&#8220;original&#8220;:{&#8222;colors&#8220;:{&#8222;b04af&#8220;:{&#8222;val&#8220;:&#8220;rgb(19, 114, 211)&#8220;,&#8220;hsl&#8220;:{&#8222;h&#8220;:210,&#8220;s&#8220;:0.83,&#8220;l&#8220;:0.45,&#8220;a&#8220;:1}}},&#8220;gradients&#8220;:[]}}]}__CONFIG_colors_palette__ <a href=\"https:\/\/www.headout.com\/r\/most-amazing-placesrecommends-KUSE9\/\" style=\"\" rel=\"nofollow noopener\" target=\"_blank\"> <span style=\"\"><span style=\"\"><strong>Zum Angebot<\/strong><\/span><\/span> <\/a>    <span style=\"\"><a href=\"https:\/\/gyg.me\/ZksgZX7Y\" target=\"_blank\" rel=\"nofollow noopener\"><img decoding=\"async\" alt=\"Istanbul: Bosphorus Dinner Cruise &amp; Show with Private Table\" data-id=\"1235\" width=\"300\" data-init-width=\"960\" height=\"169\" data-init-height=\"540\" title=\"Istanbul- Bosphorus Dinner Cruise &amp; Show with Private Table\" src=\"https:\/\/bosphorus-dinner-cruise.com\/wp-content\/uploads\/2023\/12\/Istanbul-Bosphorus-Dinner-Cruise-Show-with-Private-Table.jpeg\" data-width=\"300\" data-height=\"169\" style=\"aspect-ratio: auto 960 \/ 540;\" ml-m=\"0\" mt-m=\"0\" mt-d=\"0\" ml-d=\"0\" mt-t=\"0\" data-link-wrap=\"true\" loading=\"lazy\"><\/a><span style=\"\"><\/span><\/span>   <\/p>\n<h3 style=\"\" data-hide=\"true\"><strong><span data-sheets-root=\"1\" data-sheets-userformat=\"{&quot;2&quot;:513,&quot;3&quot;:{&quot;1&quot;:0},&quot;12&quot;:0}\" data-sheets-value=\"{&quot;1&quot;:2,&quot;2&quot;:&quot;Istanbul: Bosphorus Dinner Cruise &amp; Show with Private Table&quot;}\">Istanbul: Bosporus Dinner Cruise &amp; Show mit privatem Tisch<\/span><\/strong><\/h3>\n<p>  <span style=\"--tcb-applied-color: rgb(255, 217, 56) !important; color: rgb(255, 217, 56) !important;\">4.4<\/span><span style=\"font-weight: normal;\"><span style=\"--tcb-applied-color: rgb(255, 217, 56) !important; color: rgb(255, 217, 56) !important;\"> <\/span><\/span><span style=\"--tcb-applied-color: rgba(59, 59, 59, 0.5) !important; color: rgba(59, 59, 59, 0.5) !important;\">(10.294)<\/span> <\/p>\n<p style=\"\">&#8222;ein super Erlebnis!!! Wir gingen mit der Familie, sie gaben uns eine Menge von Lebensmitteln und es war sehr gut, es sieht aus wie eine Hochzeit. Niedriger Preis, aber ausgezeichneter Service und Kreuzfahrt&#8230;&#8220; <strong>Serena, Dez. 2023, Spanien <em>[Quelle:GetYourGuide]<\/em><\/strong><\/p>\n<p>   Bestes Angebot31 \u20ac<\/p>\n<p style=\"text-align: center;\">auf GetYourGuide.com<\/p>\n<p>__CONFIG_colors_palette__{&#8222;active_palette&#8220;:0,&#8220;config&#8220;:{&#8222;colors&#8220;:{&#8222;b04af&#8220;:{&#8222;name&#8220;:&#8220;Main Accent&#8220;,&#8220;parent&#8220;:-1}},&#8220;gradients&#8220;:[]},&#8220;palettes&#8220;:[{&#8222;name&#8220;:&#8220;Default Palette&#8220;,&#8220;value&#8220;:{&#8222;colors&#8220;:{&#8222;b04af&#8220;:{&#8222;val&#8220;:&#8220;rgb(45, 188, 71)&#8220;}},&#8220;gradients&#8220;:[]},&#8220;original&#8220;:{&#8222;colors&#8220;:{&#8222;b04af&#8220;:{&#8222;val&#8220;:&#8220;rgb(19, 114, 211)&#8220;,&#8220;hsl&#8220;:{&#8222;h&#8220;:210,&#8220;s&#8220;:0.83,&#8220;l&#8220;:0.45,&#8220;a&#8220;:1}}},&#8220;gradients&#8220;:[]}}]}__CONFIG_colors_palette__ <a href=\"https:\/\/gyg.me\/ZksgZX7Y\" style=\"\" rel=\"nofollow noopener\" target=\"_blank\"> <span style=\"\"><span style=\"\"><strong>Zum Angebot<\/strong><\/span><\/span> <\/a>  <\/p>\n<h2 style=\"text-align: center;\" id=\"t-1700741597848\" data-hide=\"true\">Andere Kreuzfahrt Ticketoptionen<\/h2>\n<p>  <span style=\"\"><a href=\"https:\/\/www.headout.com\/r\/most-amazing-placesrecommends-KaQOV\/\" target=\"_blank\" rel=\"nofollow noopener\"><img decoding=\"async\" alt=\"bosphorus dinner cruise lunch cruise\" data-id=\"1569\" width=\"300\" data-init-width=\"744\" height=\"198\" data-init-height=\"492\" title=\"bosphorus dinner cruise lunch cruise\" src=\"https:\/\/bosphorus-dinner-cruise.com\/wp-content\/uploads\/2024\/04\/Ekran-Resmi-2024-04-03-10.10.11.png\" data-width=\"300\" data-height=\"198\" style=\"aspect-ratio: auto 744 \/ 492;\" ml-m=\"0\" mt-m=\"0\" mt-d=\"0\" ml-d=\"0\" mt-t=\"0\" data-link-wrap=\"true\" loading=\"lazy\"><\/a><span style=\"\"><\/span><\/span>   <\/p>\n<h3 style=\"\" data-hide=\"true\"><strong><span data-sheets-root=\"1\" data-sheets-userformat=\"{&quot;2&quot;:513,&quot;3&quot;:{&quot;1&quot;:0},&quot;12&quot;:0}\" data-sheets-value=\"{&quot;1&quot;:2,&quot;2&quot;:&quot;Istanbul: Bosphorus Dinner Cruise with Private Table&quot;}\">Bosporus + Schwarzes Meer 2-G\u00e4nge-Mittagskreuzfahrt mit Gelegenheit zum Schwimmen<\/span><\/strong><\/h3>\n<p>  <span style=\"--tcb-applied-color: rgb(255, 217, 56) !important; color: rgb(255, 217, 56) !important;\">4.5<\/span><span style=\"font-weight: normal;\"><span style=\"--tcb-applied-color: rgb(255, 217, 56) !important; color: rgb(255, 217, 56) !important;\"> <\/span><\/span><span style=\"--tcb-applied-color: rgba(59, 59, 59, 0.5) !important; color: rgba(59, 59, 59, 0.5) !important;\">(1.900)<\/span> <\/p>\n<p style=\"\">&#8222;Die Besatzung war sehr freundlich und die Erz\u00e4hlungen waren interessant. Das Essen war sehr gut und authentisch. Der Teeservice war eine nette Geste. Wir haben unsere Zeit auf dem Bosporus sehr genossen!&#8220; <strong>Terese, Aug. 2022, Frankreich<\/strong> <strong><em>[Quelle: Headout]<\/em><\/strong><\/p>\n<p>   Bestes Angebot80 \u20ac<\/p>\n<p style=\"text-align: center;\">auf Headout.com<\/p>\n<p>__CONFIG_colors_palette__{&#8222;active_palette&#8220;:0,&#8220;config&#8220;:{&#8222;colors&#8220;:{&#8222;b04af&#8220;:{&#8222;name&#8220;:&#8220;Main Accent&#8220;,&#8220;parent&#8220;:-1}},&#8220;gradients&#8220;:[]},&#8220;palettes&#8220;:[{&#8222;name&#8220;:&#8220;Default Palette&#8220;,&#8220;value&#8220;:{&#8222;colors&#8220;:{&#8222;b04af&#8220;:{&#8222;val&#8220;:&#8220;rgb(45, 188, 71)&#8220;}},&#8220;gradients&#8220;:[]},&#8220;original&#8220;:{&#8222;colors&#8220;:{&#8222;b04af&#8220;:{&#8222;val&#8220;:&#8220;rgb(19, 114, 211)&#8220;,&#8220;hsl&#8220;:{&#8222;h&#8220;:210,&#8220;s&#8220;:0.83,&#8220;l&#8220;:0.45,&#8220;a&#8220;:1}}},&#8220;gradients&#8220;:[]}}]}__CONFIG_colors_palette__ <a href=\"https:\/\/www.headout.com\/r\/most-amazing-placesrecommends-KaQOV\/\" style=\"\" rel=\"nofollow noopener\" target=\"_blank\"> <span style=\"\"><span style=\"\"><strong>Zum Angebot<\/strong><\/span><\/span> <\/a>    <span style=\"\"><a href=\"https:\/\/www.headout.com\/r\/most-amazing-placesrecommends-KpcKx\/\" target=\"_blank\" rel=\"nofollow noopener\"><img decoding=\"async\" alt=\"Bosphorus day time cruise\" data-id=\"1571\" width=\"300\" data-init-width=\"746\" height=\"197\" data-init-height=\"489\" title=\"bosphorus day time cruise\" src=\"https:\/\/bosphorus-dinner-cruise.com\/wp-content\/uploads\/2024\/04\/Ekran-Resmi-2024-04-03-10.18.28.png\" data-width=\"300\" data-height=\"197\" style=\"aspect-ratio: auto 746 \/ 489;\" ml-m=\"0\" mt-m=\"0\" mt-d=\"0\" ml-d=\"0\" mt-t=\"0\" data-link-wrap=\"true\" loading=\"lazy\"><\/a><span style=\"\"><\/span><\/span>   <\/p>\n<h3 data-hide=\"true\"><strong><span data-sheets-root=\"1\" data-sheets-userformat=\"{&quot;2&quot;:513,&quot;3&quot;:{&quot;1&quot;:0},&quot;12&quot;:0}\" data-sheets-value=\"{&quot;1&quot;:2,&quot;2&quot;:&quot;Istanbul: Bosphorus Dinner Cruise with Private Table&quot;}\">Istanbul Bosporus Bootsfahrt mit Audioguide<\/span><\/strong><\/h3>\n<p>  <span style=\"--tcb-applied-color: rgb(255, 217, 56) !important; color: rgb(255, 217, 56) !important;\">4.3<\/span><span style=\"font-weight: normal;\"><span style=\"--tcb-applied-color: rgb(255, 217, 56) !important; color: rgb(255, 217, 56) !important;\"> <\/span><\/span><span style=\"--tcb-applied-color: rgba(59, 59, 59, 0.5) !important; color: rgba(59, 59, 59, 0.5) !important;\">(2.000)<\/span> <\/p>\n<p style=\"\">&#8222;Wir konnten die gebuchte Tour nicht machen, aber wir haben eine Ersatztour bekommen. Der Guide war sehr nett und hat viele Fragen beantwortet. Die Tour war informativ und interessant, aber auch sehr entspannend.&#8220; <strong>Katharina, M\u00e4r. 2024, Ukraine&nbsp;<strong><em>[Quelle: Headout]<\/em><\/strong><\/strong><\/p>\n<p>   Bestes Angebot12 \u20ac<\/p>\n<p style=\"text-align: center;\">auf Headout.com<\/p>\n<p>__CONFIG_colors_palette__{&#8222;active_palette&#8220;:0,&#8220;config&#8220;:{&#8222;colors&#8220;:{&#8222;b04af&#8220;:{&#8222;name&#8220;:&#8220;Main Accent&#8220;,&#8220;parent&#8220;:-1}},&#8220;gradients&#8220;:[]},&#8220;palettes&#8220;:[{&#8222;name&#8220;:&#8220;Default Palette&#8220;,&#8220;value&#8220;:{&#8222;colors&#8220;:{&#8222;b04af&#8220;:{&#8222;val&#8220;:&#8220;rgb(45, 188, 71)&#8220;}},&#8220;gradients&#8220;:[]},&#8220;original&#8220;:{&#8222;colors&#8220;:{&#8222;b04af&#8220;:{&#8222;val&#8220;:&#8220;rgb(19, 114, 211)&#8220;,&#8220;hsl&#8220;:{&#8222;h&#8220;:210,&#8220;s&#8220;:0.83,&#8220;l&#8220;:0.45,&#8220;a&#8220;:1}}},&#8220;gradients&#8220;:[]}}]}__CONFIG_colors_palette__ <a href=\"https:\/\/www.headout.com\/r\/most-amazing-placesrecommends-KpcKx\/\" style=\"\" rel=\"nofollow noopener\" target=\"_blank\"> <span style=\"\"><span style=\"\"><strong>Zum Angebot<\/strong><\/span><\/span> <\/a>    <span style=\"\"><a href=\"https:\/\/www.headout.com\/r\/most-amazing-placesrecommends-Kf2Lp\/\" target=\"_blank\" rel=\"nofollow noopener\"><img decoding=\"async\" alt=\"Bosphorus Luxury Yacht Day Cruise with Snacks &amp; Turkish Coffee\" data-id=\"1575\" width=\"300\" data-init-width=\"735\" height=\"196\" data-init-height=\"481\" title=\"Bosphorus Luxury Yacht Day Cruise with Snacks &amp; Turkish Coffee\" src=\"https:\/\/bosphorus-dinner-cruise.com\/wp-content\/uploads\/2024\/04\/Ekran-Resmi-2024-04-03-10.37.33.png\" data-width=\"300\" data-height=\"196\" style=\"aspect-ratio: auto 735 \/ 481;\" ml-m=\"0\" mt-m=\"0\" mt-d=\"0\" ml-d=\"0\" mt-t=\"0\" data-link-wrap=\"true\" loading=\"lazy\"><\/a><span style=\"\"><\/span><\/span>   <\/p>\n<h3 data-hide=\"true\"><strong><span data-sheets-root=\"1\" data-sheets-userformat=\"{&quot;2&quot;:513,&quot;3&quot;:{&quot;1&quot;:0},&quot;12&quot;:0}\" data-sheets-value=\"{&quot;1&quot;:2,&quot;2&quot;:&quot;Istanbul Pass with Access to Top Attractions&quot;}\">Bosporus Luxusyacht Tageskreuzfahrt mit Snacks &amp; t\u00fcrkischem Kaffee<\/span><\/strong><\/h3>\n<p>  <span style=\"--tcb-applied-color: rgb(255, 217, 56) !important; color: rgb(255, 217, 56) !important;\">4.5<\/span><span style=\"font-weight: normal;\"><span style=\"--tcb-applied-color: rgb(255, 217, 56) !important; color: rgb(255, 217, 56) !important;\"> <\/span><\/span><span style=\"--tcb-applied-color: rgba(59, 59, 59, 0.5) !important; color: rgba(59, 59, 59, 0.5) !important;\">(1.600)<\/span> <\/p>\n<p style=\"\">&#8222;Sehr interessanter und stimmiger, ges\u00e4ttigter Ausflug. Deniz ist ein sehr guter Reiseleiter, das Boot sah modern aus und war bequem und komfortabel.&#8220; <strong>Yurii, M\u00e4r. 2024, Slowakei<\/strong> <strong><em>[Quelle: Headout]<\/em><\/strong><\/p>\n<p>   Bestes Angebot35 \u20ac<\/p>\n<p style=\"text-align: center;\">auf Headout.com<\/p>\n<p>__CONFIG_colors_palette__{&#8222;active_palette&#8220;:0,&#8220;config&#8220;:{&#8222;colors&#8220;:{&#8222;b04af&#8220;:{&#8222;name&#8220;:&#8220;Main Accent&#8220;,&#8220;parent&#8220;:-1}},&#8220;gradients&#8220;:[]},&#8220;palettes&#8220;:[{&#8222;name&#8220;:&#8220;Default Palette&#8220;,&#8220;value&#8220;:{&#8222;colors&#8220;:{&#8222;b04af&#8220;:{&#8222;val&#8220;:&#8220;rgb(45, 188, 71)&#8220;}},&#8220;gradients&#8220;:[]},&#8220;original&#8220;:{&#8222;colors&#8220;:{&#8222;b04af&#8220;:{&#8222;val&#8220;:&#8220;rgb(19, 114, 211)&#8220;,&#8220;hsl&#8220;:{&#8222;h&#8220;:210,&#8220;s&#8220;:0.83,&#8220;l&#8220;:0.45,&#8220;a&#8220;:1}}},&#8220;gradients&#8220;:[]}}]}__CONFIG_colors_palette__ <a href=\"https:\/\/www.headout.com\/r\/most-amazing-placesrecommends-Kf2Lp\/\" style=\"\" rel=\"nofollow noopener\" target=\"_blank\"> <span style=\"\"><span style=\"\"><strong>Zum Angebot<\/strong><\/span><\/span> <\/a>  <\/p>\n<h2 style=\"text-align: center;\" id=\"t-1700741597849\" data-hide=\"true\">Istanbul Pass &amp; Kombitickets<\/h2>\n<p>  <span style=\"\"><a href=\"https:\/\/www.headout.com\/r\/most-amazing-placesrecommends-Kg52O\/\" target=\"_blank\" rel=\"nofollow noopener\"><img decoding=\"async\" alt=\"3-Tages-Pass f\u00fcr Istanbuls Top-Museen: Gef\u00fchrte Tour mit Eintrittstickets\" data-id=\"1922\" width=\"300\" data-init-width=\"786\" height=\"173\" data-init-height=\"453\" title=\"3-Tages-Pass f\u00fcr Istanbuls Top-Museen: Gef\u00fchrte Tour mit Eintrittstickets\" src=\"https:\/\/bosphorus-dinner-cruise.com\/wp-content\/uploads\/2024\/05\/Ekran-Resmi-2024-05-14-10.31.13.png\" data-width=\"300\" data-height=\"173\" style=\"aspect-ratio: auto 786 \/ 453;\" ml-m=\"0\" mt-m=\"0\" mt-d=\"0\" ml-d=\"0\" mt-t=\"0\" data-link-wrap=\"true\" loading=\"lazy\"><\/a><span style=\"\"><\/span><\/span>   <\/p>\n<h3 data-hide=\"true\"><strong><span data-sheets-root=\"1\" data-sheets-userformat=\"{&quot;2&quot;:513,&quot;3&quot;:{&quot;1&quot;:0},&quot;12&quot;:0}\" data-sheets-value=\"{&quot;1&quot;:2,&quot;2&quot;:&quot;Headout Saver: 3-Day Skip-the-Line Tickets to Top Istanbul Attractions&quot;}\">3-Tages-Pass f\u00fcr Istanbuls Top-Museen: Gef\u00fchrte Tour mit Eintrittstickets<\/span><\/strong><\/h3>\n<p>  <span style=\"--tcb-applied-color: rgb(255, 217, 56) !important; color: rgb(255, 217, 56) !important;\">4.1<\/span><span style=\"font-weight: normal;\"><span style=\"--tcb-applied-color: rgb(255, 217, 56) !important; color: rgb(255, 217, 56) !important;\"> <\/span><\/span><span style=\"--tcb-applied-color: rgba(59, 59, 59, 0.5) !important; color: rgba(59, 59, 59, 0.5) !important;\">(64)<\/span> <\/p>\n<p>&#8222;Die F\u00fchrungen waren ausgezeichnet, die F\u00fchrer waren gro\u00dfartig, mit viel Energie, professionell, geduldig und h\u00f6flich.&#8220; <strong>Morutan, Nov. 2023, Rum\u00e4nien&nbsp;<strong><em>[Quelle: Headout]<\/em><\/strong><\/strong><\/p>\n<p>   Bestes Angebot134 \u20ac<\/p>\n<p style=\"text-align: center;\">auf Headout.com<\/p>\n<p>__CONFIG_colors_palette__{&#8222;active_palette&#8220;:0,&#8220;config&#8220;:{&#8222;colors&#8220;:{&#8222;b04af&#8220;:{&#8222;name&#8220;:&#8220;Main Accent&#8220;,&#8220;parent&#8220;:-1}},&#8220;gradients&#8220;:[]},&#8220;palettes&#8220;:[{&#8222;name&#8220;:&#8220;Default Palette&#8220;,&#8220;value&#8220;:{&#8222;colors&#8220;:{&#8222;b04af&#8220;:{&#8222;val&#8220;:&#8220;rgb(45, 188, 71)&#8220;}},&#8220;gradients&#8220;:[]},&#8220;original&#8220;:{&#8222;colors&#8220;:{&#8222;b04af&#8220;:{&#8222;val&#8220;:&#8220;rgb(19, 114, 211)&#8220;,&#8220;hsl&#8220;:{&#8222;h&#8220;:210,&#8220;s&#8220;:0.83,&#8220;l&#8220;:0.45,&#8220;a&#8220;:1}}},&#8220;gradients&#8220;:[]}}]}__CONFIG_colors_palette__ <a href=\"https:\/\/www.headout.com\/r\/most-amazing-placesrecommends-Kg52O\/\" style=\"\" rel=\"nofollow noopener\" target=\"_blank\"> <span style=\"\"><span style=\"\"><strong>Zum Angebot<\/strong><\/span><\/span> <\/a>    <span style=\"\"><a href=\"https:\/\/www.headout.com\/r\/most-amazing-placesrecommends-Khymu\/\" target=\"_blank\" rel=\"nofollow noopener\"><img decoding=\"async\" alt=\"Combo: Dolmabahce Palace Guided Tour + Bosphorus Cruise Tickets\" data-id=\"1573\" width=\"300\" data-init-width=\"737\" height=\"197\" data-init-height=\"484\" title=\"Combo: Dolmabahce Palace Guided Tour + Bosphorus Cruise Tickets\" src=\"https:\/\/bosphorus-dinner-cruise.com\/wp-content\/uploads\/2024\/04\/Ekran-Resmi-2024-04-03-10.26.57.png\" data-width=\"300\" data-height=\"197\" style=\"aspect-ratio: auto 737 \/ 484;\" ml-m=\"0\" mt-m=\"0\" mt-d=\"0\" ml-d=\"0\" mt-t=\"0\" data-link-wrap=\"true\" loading=\"lazy\"><\/a><span style=\"\"><\/span><\/span>   <\/p>\n<h3 data-hide=\"true\"><strong><span data-sheets-root=\"1\" data-sheets-userformat=\"{&quot;2&quot;:513,&quot;3&quot;:{&quot;1&quot;:0},&quot;12&quot;:0}\" data-sheets-value=\"{&quot;1&quot;:2,&quot;2&quot;:&quot;Istanbul: Bosphorus Dinner Cruise with Private Table&quot;}\">Kombiticket: Dolmabah\u00e7e-Palast + Tickets f\u00fcr die Bosporus-Kreuzfahrt<\/span><\/strong><\/h3>\n<p>  <span style=\"--tcb-applied-color: rgb(255, 217, 56) !important; color: rgb(255, 217, 56) !important;\">4.2<\/span><span style=\"font-weight: normal;\"><span style=\"--tcb-applied-color: rgb(255, 217, 56) !important; color: rgb(255, 217, 56) !important;\"> <\/span><\/span><span style=\"--tcb-applied-color: rgba(59, 59, 59, 0.5) !important; color: rgba(59, 59, 59, 0.5) !important;\">(52)<\/span> <\/p>\n<p style=\"\">&#8222;Die P\u00fcnktlichkeit und Freundlichkeit des F\u00fchrers, der bereit war, alle unsere Fragen zu beantworten. Es war sehr einfach, die Treffpunkte zu finden und die Erkl\u00e4rungen waren vollst\u00e4ndig und korrekt.&#8220; <strong>Maria, Sep. 2023, Spanien<\/strong> <strong><em>[Quelle: Headout]<\/em><\/strong><\/p>\n<p>   Bestes Angebot57 \u20ac<\/p>\n<p style=\"text-align: center;\">auf Headout.com<\/p>\n<p>__CONFIG_colors_palette__{&#8222;active_palette&#8220;:0,&#8220;config&#8220;:{&#8222;colors&#8220;:{&#8222;b04af&#8220;:{&#8222;name&#8220;:&#8220;Main Accent&#8220;,&#8220;parent&#8220;:-1}},&#8220;gradients&#8220;:[]},&#8220;palettes&#8220;:[{&#8222;name&#8220;:&#8220;Default Palette&#8220;,&#8220;value&#8220;:{&#8222;colors&#8220;:{&#8222;b04af&#8220;:{&#8222;val&#8220;:&#8220;rgb(45, 188, 71)&#8220;}},&#8220;gradients&#8220;:[]},&#8220;original&#8220;:{&#8222;colors&#8220;:{&#8222;b04af&#8220;:{&#8222;val&#8220;:&#8220;rgb(19, 114, 211)&#8220;,&#8220;hsl&#8220;:{&#8222;h&#8220;:210,&#8220;s&#8220;:0.83,&#8220;l&#8220;:0.45,&#8220;a&#8220;:1}}},&#8220;gradients&#8220;:[]}}]}__CONFIG_colors_palette__ <a href=\"https:\/\/www.headout.com\/r\/most-amazing-placesrecommends-Khymu\/\" style=\"\" rel=\"nofollow noopener\" target=\"_blank\"> <span style=\"\"><span style=\"\"><strong>Zum Angebot<\/strong><\/span><\/span> <\/a>  __CONFIG_group_edit__{&#8222;kbjlbc8s&#8220;:{&#8222;name&#8220;:&#8220;All Button(s)&#8220;,&#8220;singular&#8220;:&#8220;&#8211; Button %s&#8220;},&#8220;kbjlbl0i&#8220;:{&#8222;name&#8220;:&#8220;All Paragraph(s)&#8220;,&#8220;singular&#8220;:&#8220;&#8211; Text %s&#8220;},&#8220;kbjmb0b1&#8243;:{&#8222;name&#8220;:&#8220;All Rating Number(s)&#8220;,&#8220;singular&#8220;:&#8220;&#8211; Text %s&#8220;},&#8220;kbjmb5kt&#8220;:{&#8222;name&#8220;:&#8220;All Star Rating(s)&#8220;,&#8220;singular&#8220;:&#8220;&#8211; Star Rating %s&#8220;},&#8220;kbjnku7p&#8220;:{&#8222;name&#8220;:&#8220;All Title(s)&#8220;,&#8220;singular&#8220;:&#8220;&#8211; Text %s&#8220;},&#8220;kbjnl01d&#8220;:{&#8222;name&#8220;:&#8220;All Rating Content Box(s)&#8220;,&#8220;singular&#8220;:&#8220;&#8211; Content Box %s&#8220;},&#8220;kbjnlium&#8220;:{&#8222;name&#8220;:&#8220;All Text Column(s)&#8220;,&#8220;singular&#8220;:&#8220;&#8211; Column %s&#8220;},&#8220;kc1tammt&#8220;:{&#8222;name&#8220;:&#8220;All Image(s)&#8220;,&#8220;singular&#8220;:&#8220;&#8211; Image %s&#8220;},&#8220;kc1tasbf&#8220;:{&#8222;name&#8220;:&#8220;All Image Colored Box(s) &#8222;,&#8220;singular&#8220;:&#8220;&#8211; Content Box %s&#8220;},&#8220;kc1tbbi6&#8243;:{&#8222;name&#8220;:&#8220;All Image Content Box(s)&#8220;,&#8220;singular&#8220;:&#8220;&#8211; Content Box %s&#8220;},&#8220;kc1tbhqg&#8220;:{&#8222;name&#8220;:&#8220;All Image Column(s)&#8220;,&#8220;singular&#8220;:&#8220;&#8211; Column %s&#8220;},&#8220;kc1tbmpx&#8220;:{&#8222;name&#8220;:&#8220;All Columns(s)&#8220;,&#8220;singular&#8220;:&#8220;&#8211; Columns %s&#8220;}}__CONFIG_group_edit____CONFIG_local_colors__{&#8222;colors&#8220;:{},&#8220;gradients&#8220;:{}}__CONFIG_local_colors__<a href=\"https:\/\/bosphorus-dinner-cruise.com\/de\/\" dynamic-postlink=\"tcb_post_the_permalink\" data-shortcode-id=\"1145\"><\/a><\/p>\n<p style=\"padding-bottom: 0px !important; margin-bottom: 0px !important;\">Learn More<\/p>\n<h2 style=\"\"><span data-attr-css=\"\" data-attr-link=\"1\" data-attr-rel=\"0\" data-attr-static-link=\"{&quot;className&quot;:&quot;&quot;,&quot;href&quot;:&quot;https:\/\/bosphorus-dinner-cruise.com\/de\/&quot;,&quot;title&quot;:&quot;Bosporus Dinner Kreuzfahrt Istanbul&quot;,&quot;class&quot;:&quot;&quot;}\" data-attr-target=\"0\" data-extra_key=\"\" data-option-inline=\"1\" data-shortcode=\"tcb_post_title\" data-shortcode-name=\"Post title\" style=\"\"><a href=\"https:\/\/bosphorus-dinner-cruise.com\/de\/\" title=\"Bosporus Dinner Kreuzfahrt Istanbul\" data-css=\"\">Bosporus Dinner Kreuzfahrt Istanbul<\/a><\/span><\/h2>\n<p><a href=\"https:\/\/bosphorus-dinner-cruise.com\/private-yacht-rental-in-istanbul\/\"><\/a><a href=\"https:\/\/bosphorus-dinner-cruise.com\/de\/yacht-mieten-istanbul\/\" dynamic-postlink=\"tcb_post_the_permalink\" data-shortcode-id=\"1145\"><\/a><\/p>\n<p style=\"padding-bottom: 0px !important; margin-bottom: 0px !important;\">Learn More<\/p>\n<h2 style=\"\"><span data-attr-css=\"\" data-attr-link=\"1\" data-attr-rel=\"0\" data-attr-static-link=\"{&quot;className&quot;:&quot;&quot;,&quot;href&quot;:&quot;https:\/\/bosphorus-dinner-cruise.com\/de\/&quot;,&quot;title&quot;:&quot;Bosporus Dinner Kreuzfahrt Istanbul&quot;,&quot;class&quot;:&quot;&quot;}\" data-attr-target=\"0\" data-extra_key=\"\" data-option-inline=\"1\" data-shortcode=\"tcb_post_title\" data-shortcode-name=\"Post title\" style=\"\"><a href=\"https:\/\/bosphorus-dinner-cruise.com\/de\/yacht-mieten-istanbul\/\" title=\"Private Yacht mieten Istanbul\" data-css=\"\">Private Yacht mieten Istanbul<\/a><\/span><\/h2>\n<p><a href=\"https:\/\/bosphorus-dinner-cruise.com\/private-yacht-rental-in-istanbul\/\"><\/a><\/p>\n","protected":false},"excerpt":{"rendered":"<p>H\u00e4ufige Fragen H\u00e4ufige Fragen zur Bosporus Dinner Kreuzfahrt in Istanbul Auf dieser Seite finden Sie Antworten auf h\u00e4ufige Fragen zur Bosporus Dinner Kreuzfahrt.&nbsp; Von allgemeinen Fragen zur Dauer, den Mahlzeiten und der Kleidung bis hin zu Fragen zu den Tickets, haben wir hier alle n\u00fctzliche Informationen f\u00fcr das Erlebnis zusammengestellt, damit Sie sich vorbereiten k\u00f6nnen.&nbsp; [&hellip;]<\/p>\n","protected":false},"author":3,"featured_media":1799,"parent":0,"menu_order":0,"comment_status":"closed","ping_status":"closed","template":"","meta":{"footnotes":""},"class_list":["post-1858","page","type-page","status-publish","has-post-thumbnail","hentry","post-wrapper","thrv_wrapper"],"_links":{"self":[{"href":"https:\/\/bosphorus-dinner-cruise.com\/de\/wp-json\/wp\/v2\/pages\/1858","targetHints":{"allow":["GET"]}}],"collection":[{"href":"https:\/\/bosphorus-dinner-cruise.com\/de\/wp-json\/wp\/v2\/pages"}],"about":[{"href":"https:\/\/bosphorus-dinner-cruise.com\/de\/wp-json\/wp\/v2\/types\/page"}],"author":[{"embeddable":true,"href":"https:\/\/bosphorus-dinner-cruise.com\/de\/wp-json\/wp\/v2\/users\/3"}],"replies":[{"embeddable":true,"href":"https:\/\/bosphorus-dinner-cruise.com\/de\/wp-json\/wp\/v2\/comments?post=1858"}],"version-history":[{"count":28,"href":"https:\/\/bosphorus-dinner-cruise.com\/de\/wp-json\/wp\/v2\/pages\/1858\/revisions"}],"predecessor-version":[{"id":2043,"href":"https:\/\/bosphorus-dinner-cruise.com\/de\/wp-json\/wp\/v2\/pages\/1858\/revisions\/2043"}],"wp:featuredmedia":[{"embeddable":true,"href":"https:\/\/bosphorus-dinner-cruise.com\/de\/wp-json\/wp\/v2\/media\/1799"}],"wp:attachment":[{"href":"https:\/\/bosphorus-dinner-cruise.com\/de\/wp-json\/wp\/v2\/media?parent=1858"}],"curies":[{"name":"wp","href":"https:\/\/api.w.org\/{rel}","templated":true}]}}